{"id":41599,"date":"2025-09-15T18:59:49","date_gmt":"2025-09-15T18:59:49","guid":{"rendered":"https:\/\/smarttechgroup.com.tr\/?page_id=41599"},"modified":"2025-12-26T11:41:10","modified_gmt":"2025-12-26T11:41:10","slug":"sectors","status":"publish","type":"page","link":"https:\/\/smarttechgroup.com.tr\/en\/sektorler\/","title":{"rendered":"Industries"},"content":{"rendered":"<div data-elementor-type=\"wp-page\" data-elementor-id=\"41599\" class=\"elementor elementor-41599\" data-elementor-settings=\"{&quot;ha_cmc_init_switcher&quot;:&quot;no&quot;}\" data-elementor-post-type=\"page\">\n\t\t\t\t<div class=\"elementor-element elementor-element-04f7b0e e-con-full e-flex e-con e-parent\" data-id=\"04f7b0e\" data-element_type=\"container\" data-e-type=\"container\" data-settings=\"{&quot;background_background&quot;:&quot;gradient&quot;,&quot;shape_divider_bottom&quot;:&quot;multi-wave&quot;,&quot;_ha_eqh_enable&quot;:false}\">\n\t\t\t\t<div class=\"elementor-shape elementor-shape-bottom\" aria-hidden=\"true\" data-negative=\"false\">\n\t\t\t<svg xmlns=\"http:\/\/www.w3.org\/2000\/svg\" viewbox=\"0 0 4080 400\" preserveaspectratio=\"none\">\n<path class=\"elementor-shape-fill ha-shape-divider\" opacity=\"0.2\" enable-background=\"new    \" d=\"M4080,79.3V0L1179.4,0v79.3c0,0,694.9,437.4,1471.3,275.6\tS3575.7-152.5,4080,79.3z\"\/>\n<path class=\"elementor-shape-fill ha-shape-divider\" opacity=\"0.2\" enable-background=\"new    \" d=\"M2249,79.3V0L0,0l0,79.3c0,0,43.3,437.4,819.8,275.6S1744.7-152.5,2249,79.3z\"\/>\n<path class=\"elementor-shape-fill ha-shape-divider\" opacity=\"0.2\" enable-background=\"new    \" d=\"M2631.6,49.8c0,0-596.3,547.3-1468.8,230.2S0,95.6,0,95.6L0,0l2631.6,0V49.8z\"\/>\n<path class=\"elementor-shape-fill ha-shape-divider\" opacity=\"0.2\" enable-background=\"new    \" d=\"M4080,95.6c0,0-428.4,501.5-1208.9,184.4S1831,95.6,1831,95.6V0l2249,0V95.6z\"\/>\n<path class=\"elementor-shape-fill ha-shape-divider\" d=\"M4080,0v192.6c-392.4,177-703.2,95.6-1075-34.1c-214.6-74.8-508-126-839.1,6.1c-149.2,59.5-447.2,203.4-1026.2,10.8\tC313.2-99.5,0,95.6,0,95.6L0,0l2249,0L4080,0z\"\/>\n<\/svg>\n\t\t<\/div>\n\t\t<div class=\"elementor-element elementor-element-0dd2e79 e-flex e-con-boxed e-con e-child\" data-id=\"0dd2e79\" data-element_type=\"container\" data-e-type=\"container\" data-settings=\"{&quot;_ha_eqh_enable&quot;:false}\">\n\t\t\t\t\t<div class=\"e-con-inner\">\n\t\t\t\t<div class=\"elementor-element elementor-element-814104f elementor-widget elementor-widget-text-editor\" data-id=\"814104f\" data-element_type=\"widget\" data-e-type=\"widget\" data-widget_type=\"text-editor.default\">\n\t\t\t\t\t\t\t\t\t<p class=\"p1\"><strong>Understanding the unique data and technology needs organizations face is the foundation for creating successful and sustainable solutions.<\/strong><\/p>\t\t\t\t\t\t\t\t<\/div>\n\t\t\t\t<div class=\"elementor-element elementor-element-9f40710 elementor-widget elementor-widget-text-editor\" data-id=\"9f40710\" data-element_type=\"widget\" data-e-type=\"widget\" data-widget_type=\"text-editor.default\">\n\t\t\t\t\t\t\t\t\t<p>You can work with providers that offer an overview of business and technology, or you can choose a partner with a deep understanding of your industry. Thanks to its strong partnerships with organizations in different sectors, Smarttech contributes directly to their achievement of the digital future they aim for.<\/p>\t\t\t\t\t\t\t\t<\/div>\n\t\t\t\t<div class=\"elementor-element elementor-element-6909de3 elementor-widget-divider--view-line elementor-widget elementor-widget-divider\" data-id=\"6909de3\" data-element_type=\"widget\" data-e-type=\"widget\" data-widget_type=\"divider.default\">\n\t\t\t\t\t\t\t<div class=\"elementor-divider\">\n\t\t\t<span class=\"elementor-divider-separator\">\n\t\t\t\t\t\t<\/span>\n\t\t<\/div>\n\t\t\t\t\t\t<\/div>\n\t\t\t\t<div class=\"elementor-element elementor-element-d38228b elementor-widget elementor-widget-heading\" data-id=\"d38228b\" data-element_type=\"widget\" data-e-type=\"widget\" data-widget_type=\"heading.default\">\n\t\t\t\t\t<h2 class=\"elementor-heading-title elementor-size-default\">Learn more with industry-specific expertise<\/h2>\t\t\t\t<\/div>\n\t\t\t\t\t<\/div>\n\t\t\t\t<\/div>\n\t\t\t\t<\/div>\n\t\t<div class=\"elementor-element elementor-element-d865582 e-flex e-con-boxed e-con e-parent\" data-id=\"d865582\" data-element_type=\"container\" data-e-type=\"container\" data-settings=\"{&quot;_ha_eqh_enable&quot;:false}\">\n\t\t\t\t\t<div class=\"e-con-inner\">\n\t\t\t\t<div class=\"elementor-element elementor-element-8c515be elementor-widget elementor-widget-html\" data-id=\"8c515be\" data-element_type=\"widget\" data-e-type=\"widget\" data-widget_type=\"html.default\">\n\t\t\t\t\t<!-- Smarttech | Sekt\u00f6r Kartlar\u0131 (soft hover, SCOPED) -->\n<section id=\"st-sectors\">\n  <div class=\"st-wrap\">\n\n   <!-- Finans -->\n    <a class=\"st-card\" href=\"https:\/\/smarttechgroup.com.tr\/en\/our-solutions\/\" aria-label=\"Finance\"\n       style=\"--img:url('https:\/\/smarttechgroup.com.tr\/wp-content\/uploads\/2025\/09\/finance-2-min.png');\">\n      <div class=\"st-media\" role=\"img\" aria-hidden=\"true\"><\/div>\n      <div class=\"st-title\"><span>Finance<\/span><i class=\"st-arrow\">\u2192<\/i><\/div>\n    <\/a>\n    \n    <!-- Sigorta -->\n    <a class=\"st-card\" href=\"https:\/\/smarttechgroup.com.tr\/en\/insurance\/\" aria-label=\"Insurance\"\n       style=\"--img:url('https:\/\/smarttechgroup.com.tr\/wp-content\/uploads\/2025\/09\/sigorta-min.jpg');\">\n      <div class=\"st-media\" role=\"img\" aria-hidden=\"true\"><\/div>\n      <div class=\"st-title\"><span>Insurance<\/span><i class=\"st-arrow\">\u2192<\/i><\/div>\n    <\/a>\n\n    <!--Enerji -->\n          \n    <a class=\"st-card\" href=\"https:\/\/smarttechgroup.com.tr\/en\/energy-sector\/\" aria-label=\"\u201cEnergy\u201d\"       style=\"--img:url('https:\/\/smarttechgroup.com.tr\/wp-content\/uploads\/2025\/12\/enerji-sektoru.jpg');\">\n      <div class=\"st-media\" role=\"img\" aria-hidden=\"true\"><\/div>\n      <div class=\"st-title\"><span>Energy<\/span><i class=\"st-arrow\">\u2192<\/i><\/div>\n    <\/a>\n\n\n    <!-- Telekom\u00fcnikasyon -->\n    <a class=\"st-card\" href=\"https:\/\/smarttechgroup.com.tr\/en\/our-solutions\/\" aria-label=\"Telecommunications\"\n       style=\"--img:url('https:\/\/smarttechgroup.com.tr\/wp-content\/uploads\/2025\/09\/telekominikasyon-2-min.png');\">\n      <div class=\"st-media\" role=\"img\" aria-hidden=\"true\"><\/div>\n      <div class=\"st-title\"><span>Telecommunications<\/span><i class=\"st-arrow\">\u2192<\/i><\/div>\n    <\/a>\n\n    <!-- Kamu -->\n    <a class=\"st-card\" href=\"https:\/\/smarttechgroup.com.tr\/en\/our-solutions\/\" aria-label=\"Public\"\n       style=\"--img:url('https:\/\/smarttechgroup.com.tr\/wp-content\/uploads\/2025\/09\/kamu-min.jpg');\">\n      <div class=\"st-media\" role=\"img\" aria-hidden=\"true\"><\/div>\n      <div class=\"st-title\"><span>Public<\/span><i class=\"st-arrow\">\u2192<\/i><\/div>\n    <\/a>\n\n    <!-- \u00dcretim -->\n    <a class=\"st-card\" href=\"https:\/\/smarttechgroup.com.tr\/en\/our-solutions\/\" aria-label=\"Production\"\n       style=\"--img:url('https:\/\/smarttechgroup.com.tr\/wp-content\/uploads\/2025\/09\/uretim-min.jpg');\">\n      <div class=\"st-media\" role=\"img\" aria-hidden=\"true\"><\/div>\n      <div class=\"st-title\"><span>Production<\/span><i class=\"st-arrow\">\u2192<\/i><\/div>\n    <\/a>\n\n  <!-- Sa\u011fl\u0131k -->\n    <a class=\"st-card\" href=\"https:\/\/smarttechgroup.com.tr\/en\/our-solutions\/\" aria-label=\"Health\"\n       style=\"--img:url('https:\/\/smarttechgroup.com.tr\/wp-content\/uploads\/2025\/09\/saglik-min.jpg');\">\n      <div class=\"st-media\" role=\"img\" aria-hidden=\"true\"><\/div>\n      <div class=\"st-title\"><span>Health<\/span><i class=\"st-arrow\">\u2192<\/i><\/div>\n    <\/a>\n\n  <\/div>\n\n  <style>\n    \/* ===== SCOPED: Sadece #st-sectors ===== *\/\n    #st-sectors{\n      --navy:#0a0f3c; --dark:#071034;\n      --glass:rgba(7,16,52,.68);   \/* \u00f6nceki efektlere g\u00f6re daha hafif *\/\n      --glass-hover:rgba(7,16,52,.82);\n      --radius:20px; --shadow:0 18px 48px rgba(10,15,60,.14);\n      --shadow-strong:0 26px 60px rgba(10,15,60,.22);\n      font-family:ui-sans-serif, system-ui, -apple-system, \"Segoe UI\", Roboto, Arial, sans-serif;\n      padding:8px 0 4px;\n    }\n    #st-sectors .st-wrap{\n      max-width:1200px; margin:0 auto; padding:0 16px;\n      display:grid; gap:24px; grid-template-columns:repeat(3,minmax(0,1fr));\n    }\n    @media (max-width:1024px){ #st-sectors .st-wrap{grid-template-columns:repeat(2,1fr);} }\n    @media (max-width:640px){  #st-sectors .st-wrap{grid-template-columns:1fr;} }\n\n    \/* Card *\/\n    #st-sectors .st-card{\n      position:relative; display:block; height:320px;\n      border-radius:var(--radius); overflow:hidden; isolation:isolate;\n      background:#eef1f7; border:1px solid rgba(10,15,60,.06);\n      box-shadow:var(--shadow); text-decoration:none; outline:0;\n      transition:transform .35s cubic-bezier(.2,.8,.2,1), box-shadow .35s;\n    }\n    #st-sectors .st-card:hover{ transform:translateY(-6px); box-shadow:var(--shadow-strong); }\n\n    \/* G\u00f6rsel layer (yumu\u015fak) *\/\n    #st-sectors .st-media{\n      position:absolute; inset:0; z-index:0;\n      background-image: var(--img); background-size:cover; background-position:center;\n      transform: scale(1); transition: transform .45s ease, filter .6s ease;\n      filter:saturate(.98) contrast(.98) brightness(.96);\n    }\n    #st-sectors .st-card:hover .st-media{\n      transform: scale(1.04);\n      filter:saturate(1.02) contrast(1.01) brightness(.98);\n    }\n\n    \/* Renk kaplamalar\u0131 (daha hafif) *\/\n    #st-sectors .st-card::before{\n      content:\"\"; position:absolute; inset:0; z-index:1;\n      background:\n        linear-gradient(145deg, rgba(31,58,138,.28) 0%, rgba(12,22,70,.42) 65%);\n      mix-blend-mode:multiply; opacity:.85; pointer-events:none;\n    }\n    #st-sectors .st-card::after{\n      content:\"\"; position:absolute; inset:0; z-index:2;\n      background:radial-gradient(110% 120% at 50% 115%, transparent 45%, rgba(0,0,0,.20) 85%);\n      pointer-events:none; opacity:.25; transition:opacity .35s ease;\n    }\n    #st-sectors .st-card:hover::after{ opacity:.32; }\n\n    \/* Ba\u015fl\u0131k band\u0131 *\/\n    #st-sectors .st-title{\n      position:absolute; left:18px; right:18px; bottom:18px; z-index:3;\n      display:flex; align-items:center; justify-content:space-between; gap:12px;\n      padding:14px 16px 14px 18px; color:#fff; border-radius:14px;\n      background:linear-gradient(180deg, var(--glass), var(--dark));\n      box-shadow:0 10px 24px rgba(7,16,52,.26);\n      transform:translateY(6px);\n      transition: transform .35s cubic-bezier(.2,.8,.2,1), box-shadow .35s, background .25s;\n    }\n    #st-sectors .st-card:hover .st-title{\n      transform:translateY(0);\n      background:linear-gradient(180deg, var(--glass-hover), var(--dark));\n      box-shadow:0 16px 32px rgba(7,16,52,.34);\n    }\n    #st-sectors .st-title span{\n      font-weight:800; font-size:18px; letter-spacing:.2px;\n      text-shadow:0 1px 0 rgba(0,0,0,.22);\n    }\n\n    \/* Ok (nazik hareket) *\/\n    #st-sectors .st-arrow{\n      font-style:normal; font-weight:800; font-size:18px; line-height:1;\n      color:#d6dcff; opacity:.85; transform:translateX(-6px);\n      transition: transform .35s cubic-bezier(.2,.8,.2,1), opacity .3s;\n    }\n    #st-sectors .st-card:hover .st-arrow{ opacity:1; transform:translateX(2px); }\n  <\/style>\n<\/section>\t\t\t\t<\/div>\n\t\t\t\t\t<\/div>\n\t\t\t\t<\/div>\n\t\t<div class=\"elementor-element elementor-element-d200841 e-con-full e-flex e-con e-parent\" data-id=\"d200841\" data-element_type=\"container\" data-e-type=\"container\" data-settings=\"{&quot;background_background&quot;:&quot;gradient&quot;,&quot;shape_divider_top&quot;:&quot;multi-wave&quot;,&quot;_ha_eqh_enable&quot;:false}\">\n\t\t\t\t<div class=\"elementor-shape elementor-shape-top\" aria-hidden=\"true\" data-negative=\"false\">\n\t\t\t<svg xmlns=\"http:\/\/www.w3.org\/2000\/svg\" viewbox=\"0 0 4080 400\" preserveaspectratio=\"none\">\n<path class=\"elementor-shape-fill ha-shape-divider\" opacity=\"0.2\" enable-background=\"new    \" d=\"M4080,79.3V0L1179.4,0v79.3c0,0,694.9,437.4,1471.3,275.6\tS3575.7-152.5,4080,79.3z\"\/>\n<path class=\"elementor-shape-fill ha-shape-divider\" opacity=\"0.2\" enable-background=\"new    \" d=\"M2249,79.3V0L0,0l0,79.3c0,0,43.3,437.4,819.8,275.6S1744.7-152.5,2249,79.3z\"\/>\n<path class=\"elementor-shape-fill ha-shape-divider\" opacity=\"0.2\" enable-background=\"new    \" d=\"M2631.6,49.8c0,0-596.3,547.3-1468.8,230.2S0,95.6,0,95.6L0,0l2631.6,0V49.8z\"\/>\n<path class=\"elementor-shape-fill ha-shape-divider\" opacity=\"0.2\" enable-background=\"new    \" d=\"M4080,95.6c0,0-428.4,501.5-1208.9,184.4S1831,95.6,1831,95.6V0l2249,0V95.6z\"\/>\n<path class=\"elementor-shape-fill ha-shape-divider\" d=\"M4080,0v192.6c-392.4,177-703.2,95.6-1075-34.1c-214.6-74.8-508-126-839.1,6.1c-149.2,59.5-447.2,203.4-1026.2,10.8\tC313.2-99.5,0,95.6,0,95.6L0,0l2249,0L4080,0z\"\/>\n<\/svg>\n\t\t<\/div>\n\t\t<div class=\"elementor-element elementor-element-1a58c2e e-flex e-con-boxed e-con e-child\" data-id=\"1a58c2e\" data-element_type=\"container\" data-e-type=\"container\" data-settings=\"{&quot;_ha_eqh_enable&quot;:false}\">\n\t\t\t\t\t<div class=\"e-con-inner\">\n\t\t<div class=\"elementor-element elementor-element-f1d73dc e-con-fit e-flex e-con e-child\" data-id=\"f1d73dc\" data-element_type=\"container\" data-e-type=\"container\" data-settings=\"{&quot;_ha_eqh_enable&quot;:false}\">\n\t\t\t\t<div class=\"elementor-element elementor-element-a430de9 elementor-widget-tablet__width-inherit elementor-widget elementor-widget-text-editor\" data-id=\"a430de9\" data-element_type=\"widget\" data-e-type=\"widget\" data-widget_type=\"text-editor.default\">\n\t\t\t\t\t\t\t\t\t<p>Get in touch with us!<\/p>\t\t\t\t\t\t\t\t<\/div>\n\t\t<div class=\"elementor-element elementor-element-1772748 e-con-full e-flex e-con e-child\" data-id=\"1772748\" data-element_type=\"container\" data-e-type=\"container\" data-settings=\"{&quot;_ha_eqh_enable&quot;:false}\">\n\t\t\t\t<div class=\"elementor-element elementor-element-59ff3bd elementor-widget__width-inherit elementor-widget-mobile__width-inherit elementor-align-justify elementor-invisible elementor-widget elementor-widget-the7_button_widget\" data-id=\"59ff3bd\" data-element_type=\"widget\" data-e-type=\"widget\" data-settings=\"{&quot;_animation&quot;:&quot;fadeInUp&quot;,&quot;_animation_delay&quot;:500}\" data-widget_type=\"the7_button_widget.default\">\n\t\t\t\t<div class=\"elementor-widget-container\">\n\t\t\t\t\t<div class=\"elementor-button-wrapper\"><a href=\"https:\/\/smarttechgroup.com.tr\/en\/contact\/\" class=\"box-button elementor-button elementor-size-md\">Contact us<svg aria-hidden=\"true\" class=\"elementor-button-icon e-font-icon-svg e-fas-arrow-right\" viewbox=\"0 0 448 512\" xmlns=\"http:\/\/www.w3.org\/2000\/svg\"><path d=\"M190.5 66.9l22.2-22.2c9.4-9.4 24.6-9.4 33.9 0L441 239c9.4 9.4 9.4 24.6 0 33.9L246.6 467.3c-9.4 9.4-24.6 9.4-33.9 0l-22.2-22.2c-9.5-9.5-9.3-25 .4-34.3L311.4 296H24c-13.3 0-24-10.7-24-24v-32c0-13.3 10.7-24 24-24h287.4L190.9 101.2c-9.8-9.3-10-24.8-.4-34.3z\"><\/path><\/svg><\/a><\/div>\t\t\t\t<\/div>\n\t\t\t\t<\/div>\n\t\t\t\t<\/div>\n\t\t\t\t<\/div>\n\t\t\t\t\t<\/div>\n\t\t\t\t<\/div>\n\t\t\t\t<\/div>\n\t\t\t\t<\/div>","protected":false},"excerpt":{"rendered":"<p>Kurumlar\u0131n kar\u015f\u0131la\u015ft\u0131\u011f\u0131 benzersiz veri ve teknoloji ihtiya\u00e7lar\u0131n\u0131 anlamak, ba\u015far\u0131l\u0131 ve s\u00fcrd\u00fcr\u00fclebilir \u00e7\u00f6z\u00fcmler \u00fcretmenin temelidir. \u0130\u015f d\u00fcnyas\u0131 ve teknolojiye genel bak\u0131\u015f sunan sa\u011flay\u0131c\u0131larla \u00e7al\u0131\u015fabilir ya da sekt\u00f6r\u00fcn\u00fcz\u00fc derinlemesine anlayan bir i\u015f orta\u011f\u0131 se\u00e7ebilirsiniz. Smarttech, farkl\u0131 sekt\u00f6rlerdeki kurumlarla kurdu\u011fu g\u00fc\u00e7l\u00fc i\u015f birlikleri sayesinde, onlar\u0131n hedefledikleri dijital gelece\u011fe ula\u015fmalar\u0131na do\u011frudan katk\u0131 sa\u011flamaktad\u0131r. Sekt\u00f6r\u00fcn\u00fcze \u00f6zel uzmanl\u0131kla daha fazlas\u0131n\u0131 \u00f6\u011frenin&hellip;<\/p>","protected":false},"author":1,"featured_media":41784,"parent":0,"menu_order":20,"comment_status":"closed","ping_status":"closed","template":"","meta":{"footnotes":""},"class_list":["post-41599","page","type-page","status-publish","has-post-thumbnail","hentry"],"_links":{"self":[{"href":"https:\/\/smarttechgroup.com.tr\/en\/wp-json\/wp\/v2\/pages\/41599","targetHints":{"allow":["GET"]}}],"collection":[{"href":"https:\/\/smarttechgroup.com.tr\/en\/wp-json\/wp\/v2\/pages"}],"about":[{"href":"https:\/\/smarttechgroup.com.tr\/en\/wp-json\/wp\/v2\/types\/page"}],"author":[{"embeddable":true,"href":"https:\/\/smarttechgroup.com.tr\/en\/wp-json\/wp\/v2\/users\/1"}],"replies":[{"embeddable":true,"href":"https:\/\/smarttechgroup.com.tr\/en\/wp-json\/wp\/v2\/comments?post=41599"}],"version-history":[{"count":52,"href":"https:\/\/smarttechgroup.com.tr\/en\/wp-json\/wp\/v2\/pages\/41599\/revisions"}],"predecessor-version":[{"id":42948,"href":"https:\/\/smarttechgroup.com.tr\/en\/wp-json\/wp\/v2\/pages\/41599\/revisions\/42948"}],"wp:featuredmedia":[{"embeddable":true,"href":"https:\/\/smarttechgroup.com.tr\/en\/wp-json\/wp\/v2\/media\/41784"}],"wp:attachment":[{"href":"https:\/\/smarttechgroup.com.tr\/en\/wp-json\/wp\/v2\/media?parent=41599"}],"curies":[{"name":"wp","href":"https:\/\/api.w.org\/{rel}","templated":true}]}}