{"id":41720,"date":"2025-09-16T14:23:25","date_gmt":"2025-09-16T14:23:25","guid":{"rendered":"https:\/\/smarttechgroup.com.tr\/?page_id=41720"},"modified":"2026-01-07T14:35:20","modified_gmt":"2026-01-07T14:35:20","slug":"insurance","status":"publish","type":"page","link":"https:\/\/smarttechgroup.com.tr\/en\/sigortacilik\/","title":{"rendered":"Insurance"},"content":{"rendered":"<div data-elementor-type=\"wp-page\" data-elementor-id=\"41720\" class=\"elementor elementor-41720\" data-elementor-settings=\"{&quot;ha_cmc_init_switcher&quot;:&quot;no&quot;}\" data-elementor-post-type=\"page\">\n\t\t\t\t<div class=\"elementor-element elementor-element-58d7a0b e-flex e-con-boxed e-con e-parent\" data-id=\"58d7a0b\" data-element_type=\"container\" data-e-type=\"container\" data-settings=\"{&quot;_ha_eqh_enable&quot;:false}\">\n\t\t\t\t\t<div class=\"e-con-inner\">\n\t\t<div class=\"elementor-element elementor-element-d865582 e-con-full e-flex e-con e-child\" data-id=\"d865582\" data-element_type=\"container\" data-e-type=\"container\" data-settings=\"{&quot;background_background&quot;:&quot;classic&quot;,&quot;_ha_eqh_enable&quot;:false}\">\n\t\t\t\t<div class=\"elementor-element elementor-element-892147f elementor-widget elementor-widget-heading\" data-id=\"892147f\" data-element_type=\"widget\" data-e-type=\"widget\" data-widget_type=\"heading.default\">\n\t\t\t\t\t<h2 class=\"elementor-heading-title elementor-size-default\">Insurance Business Scenarios<\/h2>\t\t\t\t<\/div>\n\t\t\t\t<div class=\"elementor-element elementor-element-444b903 elementor-widget elementor-widget-spacer\" data-id=\"444b903\" data-element_type=\"widget\" data-e-type=\"widget\" data-widget_type=\"spacer.default\">\n\t\t\t\t\t\t\t<div class=\"elementor-spacer\">\n\t\t\t<div class=\"elementor-spacer-inner\"><\/div>\n\t\t<\/div>\n\t\t\t\t\t\t<\/div>\n\t\t\t\t<div class=\"elementor-element elementor-element-a8856ea elementor-widget elementor-widget-heading\" data-id=\"a8856ea\" data-element_type=\"widget\" data-e-type=\"widget\" data-widget_type=\"heading.default\">\n\t\t\t\t\t<h2 class=\"elementor-heading-title elementor-size-default\">Insurance solutions that turn data into reliable business value<\/h2>\t\t\t\t<\/div>\n\t\t\t\t<div class=\"elementor-element elementor-element-1e673fe elementor-widget elementor-widget-spacer\" data-id=\"1e673fe\" data-element_type=\"widget\" data-e-type=\"widget\" data-widget_type=\"spacer.default\">\n\t\t\t\t\t\t\t<div class=\"elementor-spacer\">\n\t\t\t<div class=\"elementor-spacer-inner\"><\/div>\n\t\t<\/div>\n\t\t\t\t\t\t<\/div>\n\t\t\t\t<div class=\"elementor-element elementor-element-cc7d354 elementor-widget elementor-widget-text-editor\" data-id=\"cc7d354\" data-element_type=\"widget\" data-e-type=\"widget\" data-widget_type=\"text-editor.default\">\n\t\t\t\t\t\t\t\t\t<p>Consistent data, agile insights and scalable architecture across all policy, claims, agent and customer contacts.<\/p>\t\t\t\t\t\t\t\t<\/div>\n\t\t\t\t<div class=\"elementor-element elementor-element-8c2dc12 elementor-widget elementor-widget-spacer\" data-id=\"8c2dc12\" data-element_type=\"widget\" data-e-type=\"widget\" data-widget_type=\"spacer.default\">\n\t\t\t\t\t\t\t<div class=\"elementor-spacer\">\n\t\t\t<div class=\"elementor-spacer-inner\"><\/div>\n\t\t<\/div>\n\t\t\t\t\t\t<\/div>\n\t\t\t\t<\/div>\n\t\t\t\t\t<\/div>\n\t\t\t\t<\/div>\n\t\t<div class=\"elementor-element elementor-element-ef8ca54 e-flex e-con-boxed e-con e-parent\" data-id=\"ef8ca54\" data-element_type=\"container\" data-e-type=\"container\" data-settings=\"{&quot;_ha_eqh_enable&quot;:false}\">\n\t\t\t\t\t<div class=\"e-con-inner\">\n\t\t\t\t<div class=\"elementor-element elementor-element-6adedb5 elementor-widget elementor-widget-html\" data-id=\"6adedb5\" data-element_type=\"widget\" data-e-type=\"widget\" data-widget_type=\"html.default\">\n\t\t\t\t\t<style>\n.carousel-wrapper {\n  position: relative;\n}\n\n.carousel-container {\n  display: flex;\n  gap: 20px;\n  overflow-x: auto;\n  scroll-snap-type: x mandatory;\n  padding: 20px 0;\n  scroll-behavior: smooth;\n}\n\n\/* Sa\u011fa ve sola sabit ok butonlar\u0131 *\/\n.carousel-arrow {\n  position: absolute;\n  top: 50%;\n  transform: translateY(-50%);\n  z-index: 3;\n  background-color: rgba(0,0,0,0.5);\n  border: none;\n  color: white;\n  font-size: 32px;\n  width: 40px;\n  height: 40px;\n  border-radius: 50%;\n  cursor: pointer;\n  transition: background 0.3s ease;\n}\n\n.carousel-arrow:hover {\n  background-color: rgba(0,0,0,0.8);\n}\n\n.carousel-arrow.left {\n  left: 10px;\n}\n\n.carousel-arrow.right {\n  right: 10px;\n}\n\n.carousel-card {\n  position: relative;\n  flex: 0 0 calc(33.333% - 13.33px);\n  height: 500px;\n  border-radius: 16px;\n  overflow: hidden;\n  scroll-snap-align: start;\n  background-size: cover;\n  background-position: center;\n  transition: all 0.4s ease-in-out;\n}\n\n.card-overlay {\n  position: absolute;\n  inset: 0;\n  display: flex;\n  flex-direction: column;\n  justify-content: flex-end;\n  padding: 20px;\n  transition: background 0.4s ease-in-out, backdrop-filter 0.4s ease-in-out;\n  z-index: 1;\n}\n\n\/* Hafif koyuluk efekti t\u00fcm g\u00f6rsele *\/\n.card-overlay::before {\n  content: \"\";\n  position: absolute;\n  inset: 0;\n  background: rgba(0, 0, 0, 0.25); \/* \u0130lk karartma *\/\n  z-index: 0;\n  transition: all 0.4s ease-in-out;\n}\n\n\/* Hover'da blur ve koyuluk artar *\/\n.carousel-card:hover .card-overlay::before {\n  background: rgba(0, 0, 0, 0.7);\n  backdrop-filter: blur(12px);\n}\n\n.card-title {\n  color: #ffffff !important;\n  font-size: 22px;\n  font-weight: 600;\n  margin: 0 0 8px 0;\n  padding: 0 8px;\n  transition: all 0.3s ease-in-out;\n  z-index: 2;\n}\n\n.card-description {\n  color: white;\n  font-size: 15px;\n  line-height: 1.9;\n  opacity: 0;\n  max-height: 0;\n  overflow: hidden;\n  padding: 0 8px;\n  transition: all 0.4s ease-in-out;\n  z-index: 2;\n}\n\n.carousel-card:hover .card-description {\n  opacity: 1;\n  max-height: 700px;\n  margin-top: 8px;\n}\n\n.carousel-card:hover .card-title {\n  transform: translateY(-12px);\n  color: #ffffff; \n}\n\n\/* Sa\u011f \u00fcstteki + ikonu *\/\n.card-toggle {\n  position: absolute;\n  top: 12px;\n  right: 12px;\n  width: 32px;\n  height: 32px;\n  background-color: rgba(255,255,255,0.15);\n  border-radius: 50%;\n  color: white;\n  font-size: 24px;\n  text-align: center;\n  line-height: 32px;\n  font-weight: bold;\n  z-index: 2;\n  transition: all 0.3s ease;\n  pointer-events: none;\n}\n\n.carousel-card:hover .card-toggle::after {\n  content: \"-\";\n  transform: rotate(180deg);\n}\n\n\/* Ba\u015flang\u0131\u00e7ta + i\u015fareti *\/\n.card-toggle::after {\n  content: \"+\";\n}\n\n\/* Mobil uyum *\/\n@media (max-width: 1024px) {\n  .carousel-card {\n    flex: 0 0 80%;\n  }\n  .card-title {\n    font-size: 20px;\n  }\n  .card-description {\n    font-size: 12px;\n  }\n  .card-description {\n    line-height: 1.7;\n  }\n  .carousel-arrow {\n    font-size: 24px;\n    width: 32px;\n    height: 32px;\n  }\n}\n<\/style>\n\n<div class=\"carousel-wrapper\">\n  <button class=\"carousel-arrow left\" onclick=\"scrollCarousel(-1)\">\u276e<\/button>\n  <button class=\"carousel-arrow right\" onclick=\"scrollCarousel(1)\">\u276f<\/button>\n\n  <div class=\"carousel-container\">\n    <div class=\"carousel-card\" style=\"background-image: url('https:\/\/smarttechgroup.com.tr\/wp-content\/uploads\/2025\/09\/1-min.jpg');\">\n      <div class=\"card-overlay\">\n        <div class=\"card-toggle\"><\/div>\n        <h3 class=\"card-title\">Your Basic Data Infrastructure in Insurance<\/h3>\n        <p class=\"card-description\">Standardized, scalable model covering policy, claims, sales and customer experience.\nEach element in the model maps directly to business processes and drives use cases.\nReplicated architecture provides flexibility in new product development.\nReliability with data quality, business glossary, metadata and traceability.<\/p>\n      <\/div>\n    <\/div>\n\n    <div class=\"carousel-card\" style=\"background-image: url('https:\/\/smarttechgroup.com.tr\/wp-content\/uploads\/2025\/09\/2-min.jpg');\">\n      <div class=\"card-overlay\">\n        <div class=\"card-toggle\"><\/div>\n        <h3 class=\"card-title\">Moving from Data to Business Value<\/h3>\n        <p class=\"card-description\">Integration of legacy and agency systems into modern DWH.\nData ingestion, ETL\/ELT, data quality, cleansing and standardization processes.\nBalance of scale, security and cost with cloud, hybrid or on-prem infrastructure options.\nReduced latency and met SLAs with management, monitoring and optimization.<\/p>\n      <\/div>\n    <\/div>\n\n    <div class=\"carousel-card\" style=\"background-image: url('https:\/\/smarttechgroup.com.tr\/wp-content\/uploads\/2025\/09\/3-min.jpg');\">\n      <div class=\"card-overlay\">\n        <div class=\"card-toggle\"><\/div>\n        <h3 class=\"card-title\">Maximum Efficiency in Agencies<\/h3>\n        <p class=\"card-description\">Segmentation by performance; disseminating best practices, supporting low-performing agencies.\nClassification based on sales volume, new policies, customer risk and loyalty analysis.\nIntegration of the distribution channel with digital: agency + digital hybrid approaches.\nDesigning incentive &amp; reward mechanisms for accurate targeting with analytics.<\/p>\n      <\/div>\n    <\/div>\n\n    <div class=\"carousel-card\" style=\"background-image: url('https:\/\/smarttechgroup.com.tr\/wp-content\/uploads\/2025\/09\/4-min.jpg');\">\n      <div class=\"card-overlay\">\n        <div class=\"card-toggle\"><\/div>\n        <h3 class=\"card-title\">Understanding the Customer, Creating Value<\/h3>\n        <p class=\"card-description\">CLV &amp; segmentation to identify the most valuable clusters and increase profitability and retention.\nPersonalized marketing with behavioral, demographic and channel data.\nUX and journey maps for consistent experience across touchpoints.\nProactive detection of churn risk and cross-sell\/upsell opportunities.<\/p>\n      <\/div>\n    <\/div>\n\n    <div class=\"carousel-card\" style=\"background-image: url('https:\/\/smarttechgroup.com.tr\/wp-content\/uploads\/2025\/09\/Sigortacilik-Self-Servis-Raporlar_-min.jpg');\">\n      <div class=\"card-overlay\">\n        <div class=\"card-toggle\"><\/div>\n        <h3 class=\"card-title\">Insurance Self Service Reports<\/h3>\n        <p class=\"card-description\">By providing accessible, visualized reports for decision makers, you can provide data-driven organizational agility with exploratory tools for analysts.\nYou can create customized dashboards for different stakeholders using interactive and visual dashboards compatible with mobile and desktop devices.\nYou can prepare routine reports such as operational KPIs, agency performances and customer trends, and use drill-down capabilities for detailed analysis.\n\n     With data security and access controls, you can define how data can be seen and by whom.\nWith self-service BI tools, analysts and managers can perform independent analysis and data science teams can focus on exploratory analysis.<\/p>\n      <\/div>\n    <\/div>\n  <\/div>\n<\/div>\n\n<script>\nfunction scrollCarousel(direction) {\n  const container = document.querySelector('.carousel-container');\n  const cardWidth = container.querySelector('.carousel-card').offsetWidth + 20;\n  container.scrollBy({\n    left: direction * cardWidth,\n    behavior: 'smooth'\n  });\n}\n<\/script>\n\t\t\t\t<\/div>\n\t\t\t\t\t<\/div>\n\t\t\t\t<\/div>\n\t\t<div class=\"elementor-element elementor-element-4455359 e-con-full e-flex e-con e-parent\" data-id=\"4455359\" data-element_type=\"container\" data-e-type=\"container\" data-settings=\"{&quot;background_background&quot;:&quot;classic&quot;,&quot;shape_divider_top&quot;:&quot;multi-wave&quot;,&quot;shape_divider_bottom&quot;:&quot;multi-wave&quot;,&quot;_ha_eqh_enable&quot;:false}\">\n\t\t\t\t<div class=\"elementor-shape elementor-shape-top\" aria-hidden=\"true\" data-negative=\"false\">\n\t\t\t<svg xmlns=\"http:\/\/www.w3.org\/2000\/svg\" viewbox=\"0 0 4080 400\" preserveaspectratio=\"none\">\n<path class=\"elementor-shape-fill ha-shape-divider\" opacity=\"0.2\" enable-background=\"new    \" d=\"M4080,79.3V0L1179.4,0v79.3c0,0,694.9,437.4,1471.3,275.6\tS3575.7-152.5,4080,79.3z\"\/>\n<path class=\"elementor-shape-fill ha-shape-divider\" opacity=\"0.2\" enable-background=\"new    \" d=\"M2249,79.3V0L0,0l0,79.3c0,0,43.3,437.4,819.8,275.6S1744.7-152.5,2249,79.3z\"\/>\n<path class=\"elementor-shape-fill ha-shape-divider\" opacity=\"0.2\" enable-background=\"new    \" d=\"M2631.6,49.8c0,0-596.3,547.3-1468.8,230.2S0,95.6,0,95.6L0,0l2631.6,0V49.8z\"\/>\n<path class=\"elementor-shape-fill ha-shape-divider\" opacity=\"0.2\" enable-background=\"new    \" d=\"M4080,95.6c0,0-428.4,501.5-1208.9,184.4S1831,95.6,1831,95.6V0l2249,0V95.6z\"\/>\n<path class=\"elementor-shape-fill ha-shape-divider\" d=\"M4080,0v192.6c-392.4,177-703.2,95.6-1075-34.1c-214.6-74.8-508-126-839.1,6.1c-149.2,59.5-447.2,203.4-1026.2,10.8\tC313.2-99.5,0,95.6,0,95.6L0,0l2249,0L4080,0z\"\/>\n<\/svg>\n\t\t<\/div>\n\t\t\t\t<div class=\"elementor-shape elementor-shape-bottom\" aria-hidden=\"true\" data-negative=\"false\">\n\t\t\t<svg xmlns=\"http:\/\/www.w3.org\/2000\/svg\" viewbox=\"0 0 4080 400\" preserveaspectratio=\"none\">\n<path class=\"elementor-shape-fill ha-shape-divider\" opacity=\"0.2\" enable-background=\"new    \" d=\"M4080,79.3V0L1179.4,0v79.3c0,0,694.9,437.4,1471.3,275.6\tS3575.7-152.5,4080,79.3z\"\/>\n<path class=\"elementor-shape-fill ha-shape-divider\" opacity=\"0.2\" enable-background=\"new    \" d=\"M2249,79.3V0L0,0l0,79.3c0,0,43.3,437.4,819.8,275.6S1744.7-152.5,2249,79.3z\"\/>\n<path class=\"elementor-shape-fill ha-shape-divider\" opacity=\"0.2\" enable-background=\"new    \" d=\"M2631.6,49.8c0,0-596.3,547.3-1468.8,230.2S0,95.6,0,95.6L0,0l2631.6,0V49.8z\"\/>\n<path class=\"elementor-shape-fill ha-shape-divider\" opacity=\"0.2\" enable-background=\"new    \" d=\"M4080,95.6c0,0-428.4,501.5-1208.9,184.4S1831,95.6,1831,95.6V0l2249,0V95.6z\"\/>\n<path class=\"elementor-shape-fill ha-shape-divider\" d=\"M4080,0v192.6c-392.4,177-703.2,95.6-1075-34.1c-214.6-74.8-508-126-839.1,6.1c-149.2,59.5-447.2,203.4-1026.2,10.8\tC313.2-99.5,0,95.6,0,95.6L0,0l2249,0L4080,0z\"\/>\n<\/svg>\n\t\t<\/div>\n\t\t<div class=\"elementor-element elementor-element-cd312d4 e-flex e-con-boxed e-con e-child\" data-id=\"cd312d4\" data-element_type=\"container\" data-e-type=\"container\" data-settings=\"{&quot;_ha_eqh_enable&quot;:false}\">\n\t\t\t\t\t<div class=\"e-con-inner\">\n\t\t<div class=\"elementor-element elementor-element-3b39b76 e-flex e-con-boxed e-con e-child\" data-id=\"3b39b76\" data-element_type=\"container\" data-e-type=\"container\" data-settings=\"{&quot;_ha_eqh_enable&quot;:false}\">\n\t\t\t\t\t<div class=\"e-con-inner\">\n\t\t\t\t<div class=\"elementor-element elementor-element-bfde469 elementor-widget-tablet__width-inherit elementor-widget elementor-widget-text-editor\" data-id=\"bfde469\" data-element_type=\"widget\" data-e-type=\"widget\" data-widget_type=\"text-editor.default\">\n\t\t\t\t\t\t\t\t\t<p class=\"p1\"><b>Insurance References<\/b><\/p>\t\t\t\t\t\t\t\t<\/div>\n\t\t\t\t\t<\/div>\n\t\t\t\t<\/div>\n\t\t\t\t<div class=\"elementor-element elementor-element-1c7f5d3 elementor-arrows-position-inside elementor-pagination-position-outside elementor-widget elementor-widget-image-carousel\" data-id=\"1c7f5d3\" data-element_type=\"widget\" data-e-type=\"widget\" data-settings=\"{&quot;slides_to_show&quot;:&quot;5&quot;,&quot;navigation&quot;:&quot;both&quot;,&quot;autoplay&quot;:&quot;yes&quot;,&quot;pause_on_hover&quot;:&quot;yes&quot;,&quot;pause_on_interaction&quot;:&quot;yes&quot;,&quot;autoplay_speed&quot;:5000,&quot;infinite&quot;:&quot;yes&quot;,&quot;speed&quot;:500}\" data-widget_type=\"image-carousel.default\">\n\t\t\t\t\t\t\t<div class=\"elementor-image-carousel-wrapper swiper\" role=\"region\" aria-roledescription=\"carousel\" aria-label=\"Image Loop\" dir=\"ltr\">\n\t\t\t<div class=\"elementor-image-carousel swiper-wrapper\" aria-live=\"off\">\n\t\t\t\t\t\t\t\t<div class=\"swiper-slide\" role=\"group\" aria-roledescription=\"slide\" aria-label=\"1 of 8\" data-no-translation-aria-label=\"\"><figure class=\"swiper-slide-inner\"><img decoding=\"async\" class=\"swiper-slide-image\" src=\"https:\/\/smarttechgroup.com.tr\/wp-content\/uploads\/2025\/09\/Axa-min-300x300.png\" alt=\"Axa-min\" \/><\/figure><\/div><div class=\"swiper-slide\" role=\"group\" aria-roledescription=\"slide\" aria-label=\"2 of 8\" data-no-translation-aria-label=\"\"><figure class=\"swiper-slide-inner\"><img decoding=\"async\" class=\"swiper-slide-image\" src=\"https:\/\/smarttechgroup.com.tr\/wp-content\/uploads\/2025\/09\/Magdeburger-min-300x300.png\" alt=\"Magdeburger-min\" \/><\/figure><\/div><div class=\"swiper-slide\" role=\"group\" aria-roledescription=\"slide\" aria-label=\"3 of 8\" data-no-translation-aria-label=\"\"><figure class=\"swiper-slide-inner\"><img decoding=\"async\" class=\"swiper-slide-image\" src=\"https:\/\/smarttechgroup.com.tr\/wp-content\/uploads\/2025\/09\/HDI-R-min-300x300.png\" alt=\"HDI R-min\" \/><\/figure><\/div><div class=\"swiper-slide\" role=\"group\" aria-roledescription=\"slide\" aria-label=\"4 of 8\" data-no-translation-aria-label=\"\"><figure class=\"swiper-slide-inner\"><img decoding=\"async\" class=\"swiper-slide-image\" src=\"https:\/\/smarttechgroup.com.tr\/wp-content\/uploads\/2025\/09\/Bilgi-ve-Gozlem-min-300x300.png\" alt=\"Knowledge and Observation-min\" \/><\/figure><\/div><div class=\"swiper-slide\" role=\"group\" aria-roledescription=\"slide\" aria-label=\"5 of 8\" data-no-translation-aria-label=\"\"><figure class=\"swiper-slide-inner\"><img decoding=\"async\" class=\"swiper-slide-image\" src=\"https:\/\/smarttechgroup.com.tr\/wp-content\/uploads\/2025\/09\/Garanti-Emeklilik-min-300x300.png\" alt=\"Garanti Pension-min\" \/><\/figure><\/div><div class=\"swiper-slide\" role=\"group\" aria-roledescription=\"slide\" aria-label=\"6 of 8\" data-no-translation-aria-label=\"\"><figure class=\"swiper-slide-inner\"><img decoding=\"async\" class=\"swiper-slide-image\" src=\"https:\/\/smarttechgroup.com.tr\/wp-content\/uploads\/2025\/09\/Acibadem-logo-min-300x300.png\" alt=\"Acibadem logo-min\" \/><\/figure><\/div><div class=\"swiper-slide\" role=\"group\" aria-roledescription=\"slide\" aria-label=\"7 of 8\" data-no-translation-aria-label=\"\"><figure class=\"swiper-slide-inner\"><img decoding=\"async\" class=\"swiper-slide-image\" src=\"https:\/\/smarttechgroup.com.tr\/wp-content\/uploads\/2025\/09\/Ethica-min-300x300.png\" alt=\"Ethica-min\" \/><\/figure><\/div><div class=\"swiper-slide\" role=\"group\" aria-roledescription=\"slide\" aria-label=\"8 of 8\" data-no-translation-aria-label=\"\"><figure class=\"swiper-slide-inner\"><img decoding=\"async\" class=\"swiper-slide-image\" src=\"https:\/\/smarttechgroup.com.tr\/wp-content\/uploads\/2025\/09\/Vienna-min-300x300.png\" alt=\"Vienna-min\" \/><\/figure><\/div>\t\t\t<\/div>\n\t\t\t\t\t\t\t\t\t\t\t\t<div class=\"elementor-swiper-button elementor-swiper-button-prev\" role=\"button\" tabindex=\"0\">\n\t\t\t\t\t\t<svg aria-hidden=\"true\" class=\"e-font-icon-svg e-eicon-chevron-left\" viewbox=\"0 0 1000 1000\" xmlns=\"http:\/\/www.w3.org\/2000\/svg\"><path d=\"M646 125C629 125 613 133 604 142L308 442C296 454 292 471 292 487 292 504 296 521 308 533L604 854C617 867 629 875 646 875 663 875 679 871 692 858 704 846 713 829 713 812 713 796 708 779 692 767L438 487 692 225C700 217 708 204 708 187 708 171 704 154 692 142 675 129 663 125 646 125Z\"><\/path><\/svg>\t\t\t\t\t<\/div>\n\t\t\t\t\t<div class=\"elementor-swiper-button elementor-swiper-button-next\" role=\"button\" tabindex=\"0\">\n\t\t\t\t\t\t<svg aria-hidden=\"true\" class=\"e-font-icon-svg e-eicon-chevron-right\" viewbox=\"0 0 1000 1000\" xmlns=\"http:\/\/www.w3.org\/2000\/svg\"><path d=\"M696 533C708 521 713 504 713 487 713 471 708 454 696 446L400 146C388 133 375 125 354 125 338 125 325 129 313 142 300 154 292 171 292 187 292 204 296 221 308 233L563 492 304 771C292 783 288 800 288 817 288 833 296 850 308 863 321 871 338 875 354 875 371 875 388 867 400 854L696 533Z\"><\/path><\/svg>\t\t\t\t\t<\/div>\n\t\t\t\t\n\t\t\t\t\t\t\t\t\t<div class=\"swiper-pagination\"><\/div>\n\t\t\t\t\t\t\t\t\t<\/div>\n\t\t\t\t\t\t<\/div>\n\t\t\t\t\t<\/div>\n\t\t\t\t<\/div>\n\t\t\t\t<\/div>\n\t\t<div class=\"elementor-element elementor-element-d200841 e-con-full e-flex e-con e-parent\" data-id=\"d200841\" data-element_type=\"container\" data-e-type=\"container\" data-settings=\"{&quot;background_background&quot;:&quot;gradient&quot;,&quot;shape_divider_top&quot;:&quot;multi-wave&quot;,&quot;_ha_eqh_enable&quot;:false}\">\n\t\t\t\t<div class=\"elementor-shape elementor-shape-top\" aria-hidden=\"true\" data-negative=\"false\">\n\t\t\t<svg xmlns=\"http:\/\/www.w3.org\/2000\/svg\" viewbox=\"0 0 4080 400\" preserveaspectratio=\"none\">\n<path class=\"elementor-shape-fill ha-shape-divider\" opacity=\"0.2\" enable-background=\"new    \" d=\"M4080,79.3V0L1179.4,0v79.3c0,0,694.9,437.4,1471.3,275.6\tS3575.7-152.5,4080,79.3z\"\/>\n<path class=\"elementor-shape-fill ha-shape-divider\" opacity=\"0.2\" enable-background=\"new    \" d=\"M2249,79.3V0L0,0l0,79.3c0,0,43.3,437.4,819.8,275.6S1744.7-152.5,2249,79.3z\"\/>\n<path class=\"elementor-shape-fill ha-shape-divider\" opacity=\"0.2\" enable-background=\"new    \" d=\"M2631.6,49.8c0,0-596.3,547.3-1468.8,230.2S0,95.6,0,95.6L0,0l2631.6,0V49.8z\"\/>\n<path class=\"elementor-shape-fill ha-shape-divider\" opacity=\"0.2\" enable-background=\"new    \" d=\"M4080,95.6c0,0-428.4,501.5-1208.9,184.4S1831,95.6,1831,95.6V0l2249,0V95.6z\"\/>\n<path class=\"elementor-shape-fill ha-shape-divider\" d=\"M4080,0v192.6c-392.4,177-703.2,95.6-1075-34.1c-214.6-74.8-508-126-839.1,6.1c-149.2,59.5-447.2,203.4-1026.2,10.8\tC313.2-99.5,0,95.6,0,95.6L0,0l2249,0L4080,0z\"\/>\n<\/svg>\n\t\t<\/div>\n\t\t<div class=\"elementor-element elementor-element-a923718 e-flex e-con-boxed e-con e-child\" data-id=\"a923718\" data-element_type=\"container\" data-e-type=\"container\" data-settings=\"{&quot;_ha_eqh_enable&quot;:false}\">\n\t\t\t\t\t<div class=\"e-con-inner\">\n\t\t<div class=\"elementor-element elementor-element-99ba83c e-con-fit e-flex e-con e-child\" data-id=\"99ba83c\" data-element_type=\"container\" data-e-type=\"container\" data-settings=\"{&quot;_ha_eqh_enable&quot;:false}\">\n\t\t\t\t<div class=\"elementor-element elementor-element-b303cd0 elementor-widget-tablet__width-inherit elementor-widget elementor-widget-text-editor\" data-id=\"b303cd0\" data-element_type=\"widget\" data-e-type=\"widget\" data-widget_type=\"text-editor.default\">\n\t\t\t\t\t\t\t\t\t<p>Get in touch with us!<\/p>\t\t\t\t\t\t\t\t<\/div>\n\t\t<div class=\"elementor-element elementor-element-0e06e24 e-con-full e-flex e-con e-child\" data-id=\"0e06e24\" data-element_type=\"container\" data-e-type=\"container\" data-settings=\"{&quot;_ha_eqh_enable&quot;:false}\">\n\t\t\t\t<div class=\"elementor-element elementor-element-fcc0c08 elementor-widget__width-inherit elementor-widget-mobile__width-inherit elementor-align-justify elementor-invisible elementor-widget elementor-widget-the7_button_widget\" data-id=\"fcc0c08\" data-element_type=\"widget\" data-e-type=\"widget\" data-settings=\"{&quot;_animation&quot;:&quot;fadeInUp&quot;,&quot;_animation_delay&quot;:500}\" data-widget_type=\"the7_button_widget.default\">\n\t\t\t\t<div class=\"elementor-widget-container\">\n\t\t\t\t\t<div class=\"elementor-button-wrapper\"><a href=\"https:\/\/smarttechgroup.com.tr\/en\/contact\/\" class=\"box-button elementor-button elementor-size-md\">Contact us<svg aria-hidden=\"true\" class=\"elementor-button-icon e-font-icon-svg e-fas-arrow-right\" viewbox=\"0 0 448 512\" xmlns=\"http:\/\/www.w3.org\/2000\/svg\"><path d=\"M190.5 66.9l22.2-22.2c9.4-9.4 24.6-9.4 33.9 0L441 239c9.4 9.4 9.4 24.6 0 33.9L246.6 467.3c-9.4 9.4-24.6 9.4-33.9 0l-22.2-22.2c-9.5-9.5-9.3-25 .4-34.3L311.4 296H24c-13.3 0-24-10.7-24-24v-32c0-13.3 10.7-24 24-24h287.4L190.9 101.2c-9.8-9.3-10-24.8-.4-34.3z\"><\/path><\/svg><\/a><\/div>\t\t\t\t<\/div>\n\t\t\t\t<\/div>\n\t\t\t\t<\/div>\n\t\t\t\t<\/div>\n\t\t\t\t\t<\/div>\n\t\t\t\t<\/div>\n\t\t\t\t<\/div>\n\t\t\t\t<\/div>","protected":false},"excerpt":{"rendered":"<p>Sigortac\u0131l\u0131k \u0130\u015f Senaryolar\u0131 Veriyi g\u00fcvenilir i\u015f de\u011ferine d\u00f6n\u00fc\u015ft\u00fcren sigortac\u0131l\u0131k \u00e7\u00f6z\u00fcmleri Poli\u00e7e, hasar, acente ve m\u00fc\u015fteri temaslar\u0131n\u0131n tamam\u0131nda tutarl\u0131 veri, \u00e7evik i\u00e7g\u00f6r\u00fc ve \u00f6l\u00e7eklenebilir mimari. &#10094; &#10095; Sigortac\u0131l\u0131kta Temel Veri Altyap\u0131n\u0131z Poli\u00e7e, hasar, sat\u0131\u015f ve m\u00fc\u015fteri deneyimini kapsayan standartla\u015ft\u0131r\u0131lm\u0131\u015f, \u00f6l\u00e7eklenebilir model. Modeldeki her \u00f6\u011fe i\u015f s\u00fcre\u00e7leriyle do\u011frudan e\u015fle\u015fir, kullan\u0131m senaryolar\u0131n\u0131 y\u00f6nlendirir. Tekrarlanan mimari ile yeni \u00fcr\u00fcn&hellip;<\/p>","protected":false},"author":1,"featured_media":41813,"parent":0,"menu_order":20,"comment_status":"closed","ping_status":"closed","template":"","meta":{"footnotes":""},"class_list":["post-41720","page","type-page","status-publish","has-post-thumbnail","hentry"],"_links":{"self":[{"href":"https:\/\/smarttechgroup.com.tr\/en\/wp-json\/wp\/v2\/pages\/41720","targetHints":{"allow":["GET"]}}],"collection":[{"href":"https:\/\/smarttechgroup.com.tr\/en\/wp-json\/wp\/v2\/pages"}],"about":[{"href":"https:\/\/smarttechgroup.com.tr\/en\/wp-json\/wp\/v2\/types\/page"}],"author":[{"embeddable":true,"href":"https:\/\/smarttechgroup.com.tr\/en\/wp-json\/wp\/v2\/users\/1"}],"replies":[{"embeddable":true,"href":"https:\/\/smarttechgroup.com.tr\/en\/wp-json\/wp\/v2\/comments?post=41720"}],"version-history":[{"count":97,"href":"https:\/\/smarttechgroup.com.tr\/en\/wp-json\/wp\/v2\/pages\/41720\/revisions"}],"predecessor-version":[{"id":43013,"href":"https:\/\/smarttechgroup.com.tr\/en\/wp-json\/wp\/v2\/pages\/41720\/revisions\/43013"}],"wp:featuredmedia":[{"embeddable":true,"href":"https:\/\/smarttechgroup.com.tr\/en\/wp-json\/wp\/v2\/media\/41813"}],"wp:attachment":[{"href":"https:\/\/smarttechgroup.com.tr\/en\/wp-json\/wp\/v2\/media?parent=41720"}],"curies":[{"name":"wp","href":"https:\/\/api.w.org\/{rel}","templated":true}]}}