{"id":43317,"date":"2026-04-20T09:02:42","date_gmt":"2026-04-20T09:02:42","guid":{"rendered":"https:\/\/smarttechgroup.com.tr\/?page_id=43317"},"modified":"2026-04-20T11:46:59","modified_gmt":"2026-04-20T11:46:59","slug":"event-calendar","status":"publish","type":"page","link":"https:\/\/smarttechgroup.com.tr\/en\/etkinlik-takvimi\/","title":{"rendered":"Event Calendar"},"content":{"rendered":"<div data-elementor-type=\"wp-page\" data-elementor-id=\"43317\" class=\"elementor elementor-43317\" data-elementor-settings=\"{&quot;ha_cmc_init_switcher&quot;:&quot;no&quot;}\" data-elementor-post-type=\"page\">\n\t\t\t\t<div class=\"elementor-element elementor-element-bb7897e e-flex e-con-boxed e-con e-parent\" data-id=\"bb7897e\" data-element_type=\"container\" data-e-type=\"container\" data-settings=\"{&quot;_ha_eqh_enable&quot;:false}\">\n\t\t\t\t\t<div class=\"e-con-inner\">\n\t\t\t\t<div class=\"elementor-element elementor-element-26651c3 elementor-widget elementor-widget-html\" data-id=\"26651c3\" data-element_type=\"widget\" data-e-type=\"widget\" data-widget_type=\"html.default\">\n\t\t\t\t\t<iframe \nsrc=\"https:\/\/calendar.google.com\/calendar\/embed?src=smarttechgroupcompany%40gmail.com&src=tr.turkish%23holiday%40group.v.calendar.google.com&color=%23106cec&color=%23c6dcfb&ctz=Europe%2FIstanbul&showTitle=0&showTabs=0&showCalendars=0&showPrint=0&mode=MONTH\" \nstyle=\"border: 0\" \nwidth=\"100%\" \nheight=\"700\" \nframeborder=\"0\" \nscrolling=\"no\">\n<\/iframe>\t\t\t\t<\/div>\n\t\t\t\t\t<\/div>\n\t\t\t\t<\/div>\n\t\t<div class=\"elementor-element elementor-element-ea210ec e-con-full e-flex e-con e-parent\" data-id=\"ea210ec\" data-element_type=\"container\" data-e-type=\"container\" data-settings=\"{&quot;background_background&quot;:&quot;gradient&quot;,&quot;shape_divider_top&quot;:&quot;multi-wave&quot;,&quot;_ha_eqh_enable&quot;:false}\">\n\t\t\t\t<div class=\"elementor-shape elementor-shape-top\" aria-hidden=\"true\" data-negative=\"false\">\n\t\t\t<svg xmlns=\"http:\/\/www.w3.org\/2000\/svg\" viewbox=\"0 0 4080 400\" preserveaspectratio=\"none\">\n<path class=\"elementor-shape-fill ha-shape-divider\" opacity=\"0.2\" enable-background=\"new    \" d=\"M4080,79.3V0L1179.4,0v79.3c0,0,694.9,437.4,1471.3,275.6\tS3575.7-152.5,4080,79.3z\"\/>\n<path class=\"elementor-shape-fill ha-shape-divider\" opacity=\"0.2\" enable-background=\"new    \" d=\"M2249,79.3V0L0,0l0,79.3c0,0,43.3,437.4,819.8,275.6S1744.7-152.5,2249,79.3z\"\/>\n<path class=\"elementor-shape-fill ha-shape-divider\" opacity=\"0.2\" enable-background=\"new    \" d=\"M2631.6,49.8c0,0-596.3,547.3-1468.8,230.2S0,95.6,0,95.6L0,0l2631.6,0V49.8z\"\/>\n<path class=\"elementor-shape-fill ha-shape-divider\" opacity=\"0.2\" enable-background=\"new    \" d=\"M4080,95.6c0,0-428.4,501.5-1208.9,184.4S1831,95.6,1831,95.6V0l2249,0V95.6z\"\/>\n<path class=\"elementor-shape-fill ha-shape-divider\" d=\"M4080,0v192.6c-392.4,177-703.2,95.6-1075-34.1c-214.6-74.8-508-126-839.1,6.1c-149.2,59.5-447.2,203.4-1026.2,10.8\tC313.2-99.5,0,95.6,0,95.6L0,0l2249,0L4080,0z\"\/>\n<\/svg>\n\t\t<\/div>\n\t\t<div class=\"elementor-element elementor-element-56f3a97 e-flex e-con-boxed e-con e-child\" data-id=\"56f3a97\" data-element_type=\"container\" data-e-type=\"container\" data-settings=\"{&quot;_ha_eqh_enable&quot;:false}\">\n\t\t\t\t\t<div class=\"e-con-inner\">\n\t\t<div class=\"elementor-element elementor-element-c57a072 e-con-fit e-flex e-con e-child\" data-id=\"c57a072\" data-element_type=\"container\" data-e-type=\"container\" data-settings=\"{&quot;_ha_eqh_enable&quot;:false}\">\n\t\t\t\t<div class=\"elementor-element elementor-element-25684dd elementor-widget-tablet__width-inherit elementor-widget elementor-widget-text-editor\" data-id=\"25684dd\" data-element_type=\"widget\" data-e-type=\"widget\" data-widget_type=\"text-editor.default\">\n\t\t\t\t\t\t\t\t\t<p>Contact Us to Register!<\/p>\t\t\t\t\t\t\t\t<\/div>\n\t\t<div class=\"elementor-element elementor-element-396d54f e-con-full e-flex e-con e-child\" data-id=\"396d54f\" data-element_type=\"container\" data-e-type=\"container\" data-settings=\"{&quot;_ha_eqh_enable&quot;:false}\">\n\t\t\t\t<div class=\"elementor-element elementor-element-1e36df8 elementor-widget__width-inherit elementor-widget-mobile__width-inherit elementor-align-justify elementor-invisible elementor-widget elementor-widget-the7_button_widget\" data-id=\"1e36df8\" data-element_type=\"widget\" data-e-type=\"widget\" data-settings=\"{&quot;_animation&quot;:&quot;fadeInUp&quot;,&quot;_animation_delay&quot;:500}\" data-widget_type=\"the7_button_widget.default\">\n\t\t\t\t<div class=\"elementor-widget-container\">\n\t\t\t\t\t<div class=\"elementor-button-wrapper\"><a href=\"https:\/\/smarttechgroup.com.tr\/en\/contact\/\" class=\"box-button elementor-button elementor-size-md\">Contact us<svg aria-hidden=\"true\" class=\"elementor-button-icon e-font-icon-svg e-fas-arrow-right\" viewbox=\"0 0 448 512\" xmlns=\"http:\/\/www.w3.org\/2000\/svg\"><path d=\"M190.5 66.9l22.2-22.2c9.4-9.4 24.6-9.4 33.9 0L441 239c9.4 9.4 9.4 24.6 0 33.9L246.6 467.3c-9.4 9.4-24.6 9.4-33.9 0l-22.2-22.2c-9.5-9.5-9.3-25 .4-34.3L311.4 296H24c-13.3 0-24-10.7-24-24v-32c0-13.3 10.7-24 24-24h287.4L190.9 101.2c-9.8-9.3-10-24.8-.4-34.3z\"><\/path><\/svg><\/a><\/div>\t\t\t\t<\/div>\n\t\t\t\t<\/div>\n\t\t\t\t<div class=\"elementor-element elementor-element-b1ceb72 elementor-widget elementor-widget-spacer\" data-id=\"b1ceb72\" data-element_type=\"widget\" data-e-type=\"widget\" data-widget_type=\"spacer.default\">\n\t\t\t\t\t\t\t<div class=\"elementor-spacer\">\n\t\t\t<div class=\"elementor-spacer-inner\"><\/div>\n\t\t<\/div>\n\t\t\t\t\t\t<\/div>\n\t\t\t\t<\/div>\n\t\t\t\t<\/div>\n\t\t\t\t\t<\/div>\n\t\t\t\t<\/div>\n\t\t\t\t<\/div>\n\t\t\t\t<\/div>","protected":false},"excerpt":{"rendered":"<p>Kay\u0131t \u0130\u00e7in \u0130leti\u015fime Ge\u00e7in! Bize Ula\u015f\u0131n<\/p>","protected":false},"author":2,"featured_media":41811,"parent":0,"menu_order":40,"comment_status":"closed","ping_status":"closed","template":"","meta":{"footnotes":""},"class_list":["post-43317","page","type-page","status-publish","has-post-thumbnail","hentry"],"_links":{"self":[{"href":"https:\/\/smarttechgroup.com.tr\/en\/wp-json\/wp\/v2\/pages\/43317","targetHints":{"allow":["GET"]}}],"collection":[{"href":"https:\/\/smarttechgroup.com.tr\/en\/wp-json\/wp\/v2\/pages"}],"about":[{"href":"https:\/\/smarttechgroup.com.tr\/en\/wp-json\/wp\/v2\/types\/page"}],"author":[{"embeddable":true,"href":"https:\/\/smarttechgroup.com.tr\/en\/wp-json\/wp\/v2\/users\/2"}],"replies":[{"embeddable":true,"href":"https:\/\/smarttechgroup.com.tr\/en\/wp-json\/wp\/v2\/comments?post=43317"}],"version-history":[{"count":54,"href":"https:\/\/smarttechgroup.com.tr\/en\/wp-json\/wp\/v2\/pages\/43317\/revisions"}],"predecessor-version":[{"id":43413,"href":"https:\/\/smarttechgroup.com.tr\/en\/wp-json\/wp\/v2\/pages\/43317\/revisions\/43413"}],"wp:featuredmedia":[{"embeddable":true,"href":"https:\/\/smarttechgroup.com.tr\/en\/wp-json\/wp\/v2\/media\/41811"}],"wp:attachment":[{"href":"https:\/\/smarttechgroup.com.tr\/en\/wp-json\/wp\/v2\/media?parent=43317"}],"curies":[{"name":"wp","href":"https:\/\/api.w.org\/{rel}","templated":true}]}}